{"id":1658,"date":"2024-06-13T22:45:29","date_gmt":"2024-06-13T22:45:29","guid":{"rendered":"https:\/\/museocasadelaacuarela.cl\/2024\/?page_id=1658"},"modified":"2024-06-13T22:45:29","modified_gmt":"2024-06-13T22:45:29","slug":"proyectos-2016","status":"publish","type":"page","link":"https:\/\/museocasadelaacuarela.cl\/2024\/proyectos-2016\/","title":{"rendered":"PROYECTOS 2016"},"content":{"rendered":"\n<ol class=\"wp-block-list\">\n<li class=\"has-medium-font-size\"><em>\u00ab<strong>Exposici\u00f3n Corporaci\u00f3n Nacional de Acuarelistas\u00bb<\/strong><\/em>, Universidad de Talca;<\/li>\n\n\n\n<li class=\"has-medium-font-size\"><em>\u00ab<strong>Torsos de agua, la otra belleza\u00bb,<\/strong><\/em> para apoyar Campa\u00f1a del Prevenci\u00f3n C\u00e1ncer de Mama, en asociaci\u00f3n con Cl\u00ednica Las Condes.<\/li>\n\n\n\n<li class=\"has-medium-font-size\">\u00ab<strong><em>Grandes Maestros de la Acuarela en Chile\u00bb<\/em><\/strong>. Exposici\u00f3n en Museo Casa de la Acuarela, Santiago<\/li>\n\n\n\n<li class=\"has-medium-font-size\"><em>\u00ab<strong>Flores del Agua\u00bb<\/strong><\/em>. Exposici\u00f3n en Museo Casa de la Acuarela, Santiago.<\/li>\n\n\n\n<li class=\"has-medium-font-size\">\u00ab<strong><em>Cumbres del Agua\u00bb, <\/em><\/strong>exposici\u00f3n itinerante en Universidad de Talca,&nbsp; Centro Cultural El Austral en Valdivia y &nbsp;Museo Andino, Fundaci\u00f3n Claro Vial<\/li>\n\n\n\n<li class=\"has-medium-font-size\">\u00ab<strong><em>D\u00eda Mundial de la Acuarela\u00bb<\/em><\/strong>, demostraciones y talleres gratuitos para ni\u00f1os.<\/li>\n\n\n\n<li class=\"has-medium-font-size\">\u00ab<strong><em>XII Bienal Internacional de Acuarela\u00bb<\/em><\/strong> participaci\u00f3n de seis artistas chilenos en Museo Nacional de la Acuarela en Ciudad de M\u00e9xico.<\/li>\n<\/ol>\n","protected":false},"excerpt":{"rendered":"","protected":false},"author":1,"featured_media":0,"parent":0,"menu_order":0,"comment_status":"closed","ping_status":"closed","template":"","meta":{"_uag_custom_page_level_css":"","footnotes":""},"class_list":["post-1658","page","type-page","status-publish","hentry","blog-blocks-layout","blog-style-postblock","","blog-alt-odd"],"uagb_featured_image_src":{"full":false,"thumbnail":false,"medium":false,"medium_large":false,"large":false,"1536x1536":false,"2048x2048":false,"nikkon_blog_img_side":false,"nikkon_blog_img_top":false,"woocommerce_thumbnail":false,"woocommerce_single":false,"woocommerce_gallery_thumbnail":false},"uagb_author_info":{"display_name":"admin","author_link":"https:\/\/museocasadelaacuarela.cl\/2024\/author\/admin\/"},"uagb_comment_info":0,"uagb_excerpt":null,"_links":{"self":[{"href":"https:\/\/museocasadelaacuarela.cl\/2024\/wp-json\/wp\/v2\/pages\/1658","targetHints":{"allow":["GET"]}}],"collection":[{"href":"https:\/\/museocasadelaacuarela.cl\/2024\/wp-json\/wp\/v2\/pages"}],"about":[{"href":"https:\/\/museocasadelaacuarela.cl\/2024\/wp-json\/wp\/v2\/types\/page"}],"author":[{"embeddable":true,"href":"https:\/\/museocasadelaacuarela.cl\/2024\/wp-json\/wp\/v2\/users\/1"}],"replies":[{"embeddable":true,"href":"https:\/\/museocasadelaacuarela.cl\/2024\/wp-json\/wp\/v2\/comments?post=1658"}],"version-history":[{"count":0,"href":"https:\/\/museocasadelaacuarela.cl\/2024\/wp-json\/wp\/v2\/pages\/1658\/revisions"}],"wp:attachment":[{"href":"https:\/\/museocasadelaacuarela.cl\/2024\/wp-json\/wp\/v2\/media?parent=1658"}],"curies":[{"name":"wp","href":"https:\/\/api.w.org\/{rel}","templated":true}]}}